{"id":6693,"date":"2023-07-10T20:58:42","date_gmt":"2023-07-11T00:58:42","guid":{"rendered":"http:\/\/box5869.temp.domains\/~fxewmtmy\/?post_type=product&#038;p=6693"},"modified":"2023-07-10T22:40:20","modified_gmt":"2023-07-11T02:40:20","slug":"confidence","status":"publish","type":"product","link":"https:\/\/eringsme.com\/en\/product\/confidence\/","title":{"rendered":"Confidence"},"content":{"rendered":"<p><strong>Side diamonds details<\/strong><\/p>\n<ul>\n<li>Shape: Round<\/li>\n<li>Carat: 0.24ct<\/li>\n<\/ul>\n<p>&nbsp;<\/p>\n<table class=\"woocommerce-product-attributes shop_attributes\">\n<tbody>\n<tr class=\"woocommerce-product-attributes-item woocommerce-product-attributes-item--attribute_pa_metal\">\n<th class=\"woocommerce-product-attributes-item__label\" style=\"text-align: center;\">\u00a0 COLOR<\/th>\n<td class=\"woocommerce-product-attributes-item__value\" style=\"text-align: center;\">\n<p style=\"text-align: center;\">\u00a0 Pink, White, Yellow<\/p>\n<\/td>\n<\/tr>\n<tr class=\"woocommerce-product-attributes-item woocommerce-product-attributes-item--attribute_pa_purity\">\n<th class=\"woocommerce-product-attributes-item__label\" style=\"text-align: center;\">\u00a0 METAL<\/th>\n<td class=\"woocommerce-product-attributes-item__value\">\n<p style=\"text-align: center;\">\u00a0 14K, 18K, 19K, Platinum<\/p>\n<\/td>\n<\/tr>\n<tr class=\"woocommerce-product-attributes-item woocommerce-product-attributes-item--attribute_pa_carat\">\n<th class=\"woocommerce-product-attributes-item__label\" style=\"text-align: center;\">CARAT<\/th>\n<td class=\"woocommerce-product-attributes-item__value\">\n<p style=\"text-align: center;\">0.25ct<\/p>\n<\/td>\n<\/tr>\n<tr class=\"woocommerce-product-attributes-item woocommerce-product-attributes-item--attribute_pa_stones\">\n<th class=\"woocommerce-product-attributes-item__label\" style=\"text-align: center;\">STONE<\/th>\n<td class=\"woocommerce-product-attributes-item__value\">\n<p style=\"text-align: center;\">Diamond<\/p>\n<\/td>\n<\/tr>\n<tr class=\"woocommerce-product-attributes-item woocommerce-product-attributes-item--attribute_pa_stones\">\n<th class=\"woocommerce-product-attributes-item__label\" style=\"text-align: center;\">WIDTH<\/th>\n<td class=\"woocommerce-product-attributes-item__value\">\n<p style=\"text-align: center;\">2.5mm<\/p>\n<\/td>\n<\/tr>\n<\/tbody>\n<\/table>\n<p>&nbsp;<\/p>\n<p><em>* Contact us for a price to suit your needs!<\/em><\/p>","protected":false},"excerpt":{"rendered":"<p>D\u00e9tails diamants des c\u00f4t\u00e9s Forme: Rond Carat: 0.24ct &nbsp; \u00a0 COULEUR \u00a0 Rose, Blanc, Jaune \u00a0 M\u00c9TAL \u00a0 14K, 18K, 19K, Platine&hellip;<\/p>","protected":false},"featured_media":6694,"comment_status":"open","ping_status":"closed","template":"","meta":{"om_disable_all_campaigns":false,"_monsterinsights_skip_tracking":false,"_monsterinsights_sitenote_active":false,"_monsterinsights_sitenote_note":"","_monsterinsights_sitenote_category":0},"product_brand":[],"product_cat":[192,193],"product_tag":[],"class_list":{"0":"post-6693","1":"product","2":"type-product","3":"status-publish","4":"has-post-thumbnail","6":"product_cat-bagues-de-mariage","7":"product_cat-pour-elle-bagues-de-mariage","9":"first","10":"instock","11":"taxable","12":"shipping-taxable","13":"product-type-simple"},"yoast_head":"<!-- This site is optimized with the Yoast SEO plugin v27.4 - https:\/\/yoast.com\/product\/yoast-seo-wordpress\/ -->\n<title>Confidence - E Rings Me<\/title>\n<meta name=\"robots\" content=\"index, follow, max-snippet:-1, max-image-preview:large, max-video-preview:-1\" \/>\n<link rel=\"canonical\" href=\"https:\/\/eringsme.com\/en\/product\/confidence\/\" \/>\n<meta property=\"og:locale\" content=\"en_US\" \/>\n<meta property=\"og:type\" content=\"article\" \/>\n<meta property=\"og:title\" content=\"Confidence - E Rings Me\" \/>\n<meta property=\"og:description\" content=\"D\u00e9tails diamants des c\u00f4t\u00e9s Forme: Rond Carat: 0.24ct &nbsp; \u00a0 COULEUR \u00a0 Rose, Blanc, Jaune \u00a0 M\u00c9TAL \u00a0 14K, 18K, 19K, Platine&hellip;\" \/>\n<meta property=\"og:url\" content=\"https:\/\/eringsme.com\/en\/product\/confidence\/\" \/>\n<meta property=\"og:site_name\" content=\"E Rings Me\" \/>\n<meta property=\"article:modified_time\" content=\"2023-07-11T02:40:20+00:00\" \/>\n<meta property=\"og:image\" content=\"https:\/\/eringsme.com\/wp-content\/uploads\/2023\/07\/Confidence.png\" \/>\n\t<meta property=\"og:image:width\" content=\"539\" \/>\n\t<meta property=\"og:image:height\" content=\"557\" \/>\n\t<meta property=\"og:image:type\" content=\"image\/png\" \/>\n<meta name=\"twitter:card\" content=\"summary_large_image\" \/>\n<meta name=\"twitter:label1\" content=\"Est. reading time\" \/>\n\t<meta name=\"twitter:data1\" content=\"1 minute\" \/>\n<script type=\"application\/ld+json\" class=\"yoast-schema-graph\">{\"@context\":\"https:\\\/\\\/schema.org\",\"@graph\":[{\"@type\":\"WebPage\",\"@id\":\"https:\\\/\\\/eringsme.com\\\/produit\\\/confidence\\\/\",\"url\":\"https:\\\/\\\/eringsme.com\\\/produit\\\/confidence\\\/\",\"name\":\"Confidence - E Rings Me\",\"isPartOf\":{\"@id\":\"http:\\\/\\\/box5869.temp.domains\\\/~fxewmtmy\\\/#website\"},\"primaryImageOfPage\":{\"@id\":\"https:\\\/\\\/eringsme.com\\\/produit\\\/confidence\\\/#primaryimage\"},\"image\":{\"@id\":\"https:\\\/\\\/eringsme.com\\\/produit\\\/confidence\\\/#primaryimage\"},\"thumbnailUrl\":\"https:\\\/\\\/eringsme.com\\\/wp-content\\\/uploads\\\/2023\\\/07\\\/Confidence.png\",\"datePublished\":\"2023-07-11T00:58:42+00:00\",\"dateModified\":\"2023-07-11T02:40:20+00:00\",\"breadcrumb\":{\"@id\":\"https:\\\/\\\/eringsme.com\\\/produit\\\/confidence\\\/#breadcrumb\"},\"inLanguage\":\"en-CA\",\"potentialAction\":[{\"@type\":\"ReadAction\",\"target\":[\"https:\\\/\\\/eringsme.com\\\/produit\\\/confidence\\\/\"]}]},{\"@type\":\"ImageObject\",\"inLanguage\":\"en-CA\",\"@id\":\"https:\\\/\\\/eringsme.com\\\/produit\\\/confidence\\\/#primaryimage\",\"url\":\"https:\\\/\\\/eringsme.com\\\/wp-content\\\/uploads\\\/2023\\\/07\\\/Confidence.png\",\"contentUrl\":\"https:\\\/\\\/eringsme.com\\\/wp-content\\\/uploads\\\/2023\\\/07\\\/Confidence.png\",\"width\":539,\"height\":557},{\"@type\":\"BreadcrumbList\",\"@id\":\"https:\\\/\\\/eringsme.com\\\/produit\\\/confidence\\\/#breadcrumb\",\"itemListElement\":[{\"@type\":\"ListItem\",\"position\":1,\"name\":\"Home\",\"item\":\"https:\\\/\\\/eringsme.com\\\/\"},{\"@type\":\"ListItem\",\"position\":2,\"name\":\"Boutique\",\"item\":\"http:\\\/\\\/box5869.temp.domains\\\/~fxewmtmy\\\/boutique\\\/\"},{\"@type\":\"ListItem\",\"position\":3,\"name\":\"Confidence\"}]},{\"@type\":\"WebSite\",\"@id\":\"http:\\\/\\\/box5869.temp.domains\\\/~fxewmtmy\\\/#website\",\"url\":\"http:\\\/\\\/box5869.temp.domains\\\/~fxewmtmy\\\/\",\"name\":\"E Rings Me\",\"description\":\"Rings Registry\",\"potentialAction\":[{\"@type\":\"SearchAction\",\"target\":{\"@type\":\"EntryPoint\",\"urlTemplate\":\"http:\\\/\\\/box5869.temp.domains\\\/~fxewmtmy\\\/?s={search_term_string}\"},\"query-input\":{\"@type\":\"PropertyValueSpecification\",\"valueRequired\":true,\"valueName\":\"search_term_string\"}}],\"inLanguage\":\"en-CA\"}]}<\/script>\n<!-- \/ Yoast SEO plugin. -->","yoast_head_json":{"title":"Confidence - E Rings Me","robots":{"index":"index","follow":"follow","max-snippet":"max-snippet:-1","max-image-preview":"max-image-preview:large","max-video-preview":"max-video-preview:-1"},"canonical":"https:\/\/eringsme.com\/en\/product\/confidence\/","og_locale":"en_US","og_type":"article","og_title":"Confidence - E Rings Me","og_description":"D\u00e9tails diamants des c\u00f4t\u00e9s Forme: Rond Carat: 0.24ct &nbsp; \u00a0 COULEUR \u00a0 Rose, Blanc, Jaune \u00a0 M\u00c9TAL \u00a0 14K, 18K, 19K, Platine&hellip;","og_url":"https:\/\/eringsme.com\/en\/product\/confidence\/","og_site_name":"E Rings Me","article_modified_time":"2023-07-11T02:40:20+00:00","og_image":[{"width":539,"height":557,"url":"https:\/\/eringsme.com\/wp-content\/uploads\/2023\/07\/Confidence.png","type":"image\/png"}],"twitter_card":"summary_large_image","twitter_misc":{"Est. reading time":"1 minute"},"schema":{"@context":"https:\/\/schema.org","@graph":[{"@type":"WebPage","@id":"https:\/\/eringsme.com\/produit\/confidence\/","url":"https:\/\/eringsme.com\/produit\/confidence\/","name":"Confidence - E Rings Me","isPartOf":{"@id":"http:\/\/box5869.temp.domains\/~fxewmtmy\/#website"},"primaryImageOfPage":{"@id":"https:\/\/eringsme.com\/produit\/confidence\/#primaryimage"},"image":{"@id":"https:\/\/eringsme.com\/produit\/confidence\/#primaryimage"},"thumbnailUrl":"https:\/\/eringsme.com\/wp-content\/uploads\/2023\/07\/Confidence.png","datePublished":"2023-07-11T00:58:42+00:00","dateModified":"2023-07-11T02:40:20+00:00","breadcrumb":{"@id":"https:\/\/eringsme.com\/produit\/confidence\/#breadcrumb"},"inLanguage":"en-CA","potentialAction":[{"@type":"ReadAction","target":["https:\/\/eringsme.com\/produit\/confidence\/"]}]},{"@type":"ImageObject","inLanguage":"en-CA","@id":"https:\/\/eringsme.com\/produit\/confidence\/#primaryimage","url":"https:\/\/eringsme.com\/wp-content\/uploads\/2023\/07\/Confidence.png","contentUrl":"https:\/\/eringsme.com\/wp-content\/uploads\/2023\/07\/Confidence.png","width":539,"height":557},{"@type":"BreadcrumbList","@id":"https:\/\/eringsme.com\/produit\/confidence\/#breadcrumb","itemListElement":[{"@type":"ListItem","position":1,"name":"Home","item":"https:\/\/eringsme.com\/"},{"@type":"ListItem","position":2,"name":"Boutique","item":"http:\/\/box5869.temp.domains\/~fxewmtmy\/boutique\/"},{"@type":"ListItem","position":3,"name":"Confidence"}]},{"@type":"WebSite","@id":"http:\/\/box5869.temp.domains\/~fxewmtmy\/#website","url":"http:\/\/box5869.temp.domains\/~fxewmtmy\/","name":"E Rings Me","description":"Rings Registry","potentialAction":[{"@type":"SearchAction","target":{"@type":"EntryPoint","urlTemplate":"http:\/\/box5869.temp.domains\/~fxewmtmy\/?s={search_term_string}"},"query-input":{"@type":"PropertyValueSpecification","valueRequired":true,"valueName":"search_term_string"}}],"inLanguage":"en-CA"}]}},"jetpack_sharing_enabled":true,"_links":{"self":[{"href":"https:\/\/eringsme.com\/en\/wp-json\/wp\/v2\/product\/6693","targetHints":{"allow":["GET"]}}],"collection":[{"href":"https:\/\/eringsme.com\/en\/wp-json\/wp\/v2\/product"}],"about":[{"href":"https:\/\/eringsme.com\/en\/wp-json\/wp\/v2\/types\/product"}],"replies":[{"embeddable":true,"href":"https:\/\/eringsme.com\/en\/wp-json\/wp\/v2\/comments?post=6693"}],"version-history":[{"count":2,"href":"https:\/\/eringsme.com\/en\/wp-json\/wp\/v2\/product\/6693\/revisions"}],"predecessor-version":[{"id":6757,"href":"https:\/\/eringsme.com\/en\/wp-json\/wp\/v2\/product\/6693\/revisions\/6757"}],"wp:featuredmedia":[{"embeddable":true,"href":"https:\/\/eringsme.com\/en\/wp-json\/wp\/v2\/media\/6694"}],"wp:attachment":[{"href":"https:\/\/eringsme.com\/en\/wp-json\/wp\/v2\/media?parent=6693"}],"wp:term":[{"taxonomy":"product_brand","embeddable":true,"href":"https:\/\/eringsme.com\/en\/wp-json\/wp\/v2\/product_brand?post=6693"},{"taxonomy":"product_cat","embeddable":true,"href":"https:\/\/eringsme.com\/en\/wp-json\/wp\/v2\/product_cat?post=6693"},{"taxonomy":"product_tag","embeddable":true,"href":"https:\/\/eringsme.com\/en\/wp-json\/wp\/v2\/product_tag?post=6693"}],"curies":[{"name":"wp","href":"https:\/\/api.w.org\/{rel}","templated":true}]}}