{"id":6571,"date":"2023-07-10T18:23:03","date_gmt":"2023-07-10T22:23:03","guid":{"rendered":"http:\/\/box5869.temp.domains\/~fxewmtmy\/?post_type=product&#038;p=6571"},"modified":"2023-07-10T20:04:06","modified_gmt":"2023-07-11T00:04:06","slug":"joy","status":"publish","type":"product","link":"https:\/\/eringsme.com\/en\/product\/joy\/","title":{"rendered":"Joy"},"content":{"rendered":"<p><strong>Side diamonds details<\/strong><\/p>\n<ul>\n<li>Shape: Round<\/li>\n<li>Carat: 0.26ct<\/li>\n<li>Clarity: SI1<\/li>\n<li>Color: G<\/li>\n<\/ul>\n<table class=\"woocommerce-product-attributes shop_attributes\" style=\"height: 205px;\" width=\"469\">\n<tbody>\n<tr class=\"woocommerce-product-attributes-item woocommerce-product-attributes-item--attribute_pa_carat\">\n<th class=\"woocommerce-product-attributes-item__label\" style=\"text-align: center;\">CARAT<\/th>\n<td class=\"woocommerce-product-attributes-item__value\" style=\"text-align: center;\">0.26ct<\/td>\n<\/tr>\n<tr class=\"woocommerce-product-attributes-item woocommerce-product-attributes-item--attribute_pa_metal\">\n<th class=\"woocommerce-product-attributes-item__label\" style=\"text-align: center;\">COLOR<\/th>\n<td class=\"woocommerce-product-attributes-item__value\">\n<p style=\"text-align: center;\">Pink, White, Yellow<\/p>\n<\/td>\n<\/tr>\n<tr class=\"woocommerce-product-attributes-item woocommerce-product-attributes-item--attribute_pa_purity\">\n<th class=\"woocommerce-product-attributes-item__label\" style=\"text-align: center;\">METAL<\/th>\n<td class=\"woocommerce-product-attributes-item__value\">\n<p style=\"text-align: center;\">14k<\/p>\n<\/td>\n<\/tr>\n<tr class=\"woocommerce-product-attributes-item woocommerce-product-attributes-item--attribute_pa_stones\">\n<th class=\"woocommerce-product-attributes-item__label\" style=\"text-align: center;\">STONE<\/th>\n<td class=\"woocommerce-product-attributes-item__value\">\n<p style=\"text-align: center;\">Diamond<\/p>\n<\/td>\n<\/tr>\n<\/tbody>\n<\/table>\n<p>&nbsp;<\/p>\n<p><em>* Contact us for a price to suit your needs!<\/em><\/p>","protected":false},"excerpt":{"rendered":"<p>D\u00e9tails diamants des c\u00f4t\u00e9s Forme: Rond Carat: 0.26ct Clart\u00e9 : SI1 Couleur: G CARAT 0.26ct COULEUR Rose, Blanc, Jaune M\u00c9TAL 14k PIERRE&hellip;<\/p>","protected":false},"featured_media":6572,"comment_status":"open","ping_status":"closed","template":"","meta":{"om_disable_all_campaigns":false,"_monsterinsights_skip_tracking":false,"_monsterinsights_sitenote_active":false,"_monsterinsights_sitenote_note":"","_monsterinsights_sitenote_category":0},"product_brand":[],"product_cat":[189],"product_tag":[],"class_list":{"0":"post-6571","1":"product","2":"type-product","3":"status-publish","4":"has-post-thumbnail","6":"product_cat-bagues-fiancailles","8":"first","9":"instock","10":"taxable","11":"shipping-taxable","12":"product-type-simple"},"yoast_head":"<!-- This site is optimized with the Yoast SEO plugin v27.4 - https:\/\/yoast.com\/product\/yoast-seo-wordpress\/ -->\n<title>Joy - E Rings Me<\/title>\n<meta name=\"robots\" content=\"index, follow, max-snippet:-1, max-image-preview:large, max-video-preview:-1\" \/>\n<link rel=\"canonical\" href=\"https:\/\/eringsme.com\/en\/product\/joy\/\" \/>\n<meta property=\"og:locale\" content=\"en_US\" \/>\n<meta property=\"og:type\" content=\"article\" \/>\n<meta property=\"og:title\" content=\"Joy - E Rings Me\" \/>\n<meta property=\"og:description\" content=\"D\u00e9tails diamants des c\u00f4t\u00e9s Forme: Rond Carat: 0.26ct Clart\u00e9 : SI1 Couleur: G CARAT 0.26ct COULEUR Rose, Blanc, Jaune M\u00c9TAL 14k PIERRE&hellip;\" \/>\n<meta property=\"og:url\" content=\"https:\/\/eringsme.com\/en\/product\/joy\/\" \/>\n<meta property=\"og:site_name\" content=\"E Rings Me\" \/>\n<meta property=\"article:modified_time\" content=\"2023-07-11T00:04:06+00:00\" \/>\n<meta property=\"og:image\" content=\"https:\/\/eringsme.com\/wp-content\/uploads\/2023\/07\/Joy_1.jpg\" \/>\n\t<meta property=\"og:image:width\" content=\"600\" \/>\n\t<meta property=\"og:image:height\" content=\"639\" \/>\n\t<meta property=\"og:image:type\" content=\"image\/jpeg\" \/>\n<meta name=\"twitter:card\" content=\"summary_large_image\" \/>\n<meta name=\"twitter:label1\" content=\"Est. reading time\" \/>\n\t<meta name=\"twitter:data1\" content=\"1 minute\" \/>\n<script type=\"application\/ld+json\" class=\"yoast-schema-graph\">{\"@context\":\"https:\\\/\\\/schema.org\",\"@graph\":[{\"@type\":\"WebPage\",\"@id\":\"https:\\\/\\\/eringsme.com\\\/produit\\\/joy\\\/\",\"url\":\"https:\\\/\\\/eringsme.com\\\/produit\\\/joy\\\/\",\"name\":\"Joy - E Rings Me\",\"isPartOf\":{\"@id\":\"http:\\\/\\\/box5869.temp.domains\\\/~fxewmtmy\\\/#website\"},\"primaryImageOfPage\":{\"@id\":\"https:\\\/\\\/eringsme.com\\\/produit\\\/joy\\\/#primaryimage\"},\"image\":{\"@id\":\"https:\\\/\\\/eringsme.com\\\/produit\\\/joy\\\/#primaryimage\"},\"thumbnailUrl\":\"https:\\\/\\\/eringsme.com\\\/wp-content\\\/uploads\\\/2023\\\/07\\\/Joy_1.jpg\",\"datePublished\":\"2023-07-10T22:23:03+00:00\",\"dateModified\":\"2023-07-11T00:04:06+00:00\",\"breadcrumb\":{\"@id\":\"https:\\\/\\\/eringsme.com\\\/produit\\\/joy\\\/#breadcrumb\"},\"inLanguage\":\"en-CA\",\"potentialAction\":[{\"@type\":\"ReadAction\",\"target\":[\"https:\\\/\\\/eringsme.com\\\/produit\\\/joy\\\/\"]}]},{\"@type\":\"ImageObject\",\"inLanguage\":\"en-CA\",\"@id\":\"https:\\\/\\\/eringsme.com\\\/produit\\\/joy\\\/#primaryimage\",\"url\":\"https:\\\/\\\/eringsme.com\\\/wp-content\\\/uploads\\\/2023\\\/07\\\/Joy_1.jpg\",\"contentUrl\":\"https:\\\/\\\/eringsme.com\\\/wp-content\\\/uploads\\\/2023\\\/07\\\/Joy_1.jpg\",\"width\":600,\"height\":639},{\"@type\":\"BreadcrumbList\",\"@id\":\"https:\\\/\\\/eringsme.com\\\/produit\\\/joy\\\/#breadcrumb\",\"itemListElement\":[{\"@type\":\"ListItem\",\"position\":1,\"name\":\"Home\",\"item\":\"https:\\\/\\\/eringsme.com\\\/\"},{\"@type\":\"ListItem\",\"position\":2,\"name\":\"Boutique\",\"item\":\"http:\\\/\\\/box5869.temp.domains\\\/~fxewmtmy\\\/boutique\\\/\"},{\"@type\":\"ListItem\",\"position\":3,\"name\":\"Joy\"}]},{\"@type\":\"WebSite\",\"@id\":\"http:\\\/\\\/box5869.temp.domains\\\/~fxewmtmy\\\/#website\",\"url\":\"http:\\\/\\\/box5869.temp.domains\\\/~fxewmtmy\\\/\",\"name\":\"E Rings Me\",\"description\":\"Rings Registry\",\"potentialAction\":[{\"@type\":\"SearchAction\",\"target\":{\"@type\":\"EntryPoint\",\"urlTemplate\":\"http:\\\/\\\/box5869.temp.domains\\\/~fxewmtmy\\\/?s={search_term_string}\"},\"query-input\":{\"@type\":\"PropertyValueSpecification\",\"valueRequired\":true,\"valueName\":\"search_term_string\"}}],\"inLanguage\":\"en-CA\"}]}<\/script>\n<!-- \/ Yoast SEO plugin. -->","yoast_head_json":{"title":"Joy - E Rings Me","robots":{"index":"index","follow":"follow","max-snippet":"max-snippet:-1","max-image-preview":"max-image-preview:large","max-video-preview":"max-video-preview:-1"},"canonical":"https:\/\/eringsme.com\/en\/product\/joy\/","og_locale":"en_US","og_type":"article","og_title":"Joy - E Rings Me","og_description":"D\u00e9tails diamants des c\u00f4t\u00e9s Forme: Rond Carat: 0.26ct Clart\u00e9 : SI1 Couleur: G CARAT 0.26ct COULEUR Rose, Blanc, Jaune M\u00c9TAL 14k PIERRE&hellip;","og_url":"https:\/\/eringsme.com\/en\/product\/joy\/","og_site_name":"E Rings Me","article_modified_time":"2023-07-11T00:04:06+00:00","og_image":[{"width":600,"height":639,"url":"https:\/\/eringsme.com\/wp-content\/uploads\/2023\/07\/Joy_1.jpg","type":"image\/jpeg"}],"twitter_card":"summary_large_image","twitter_misc":{"Est. reading time":"1 minute"},"schema":{"@context":"https:\/\/schema.org","@graph":[{"@type":"WebPage","@id":"https:\/\/eringsme.com\/produit\/joy\/","url":"https:\/\/eringsme.com\/produit\/joy\/","name":"Joy - E Rings Me","isPartOf":{"@id":"http:\/\/box5869.temp.domains\/~fxewmtmy\/#website"},"primaryImageOfPage":{"@id":"https:\/\/eringsme.com\/produit\/joy\/#primaryimage"},"image":{"@id":"https:\/\/eringsme.com\/produit\/joy\/#primaryimage"},"thumbnailUrl":"https:\/\/eringsme.com\/wp-content\/uploads\/2023\/07\/Joy_1.jpg","datePublished":"2023-07-10T22:23:03+00:00","dateModified":"2023-07-11T00:04:06+00:00","breadcrumb":{"@id":"https:\/\/eringsme.com\/produit\/joy\/#breadcrumb"},"inLanguage":"en-CA","potentialAction":[{"@type":"ReadAction","target":["https:\/\/eringsme.com\/produit\/joy\/"]}]},{"@type":"ImageObject","inLanguage":"en-CA","@id":"https:\/\/eringsme.com\/produit\/joy\/#primaryimage","url":"https:\/\/eringsme.com\/wp-content\/uploads\/2023\/07\/Joy_1.jpg","contentUrl":"https:\/\/eringsme.com\/wp-content\/uploads\/2023\/07\/Joy_1.jpg","width":600,"height":639},{"@type":"BreadcrumbList","@id":"https:\/\/eringsme.com\/produit\/joy\/#breadcrumb","itemListElement":[{"@type":"ListItem","position":1,"name":"Home","item":"https:\/\/eringsme.com\/"},{"@type":"ListItem","position":2,"name":"Boutique","item":"http:\/\/box5869.temp.domains\/~fxewmtmy\/boutique\/"},{"@type":"ListItem","position":3,"name":"Joy"}]},{"@type":"WebSite","@id":"http:\/\/box5869.temp.domains\/~fxewmtmy\/#website","url":"http:\/\/box5869.temp.domains\/~fxewmtmy\/","name":"E Rings Me","description":"Rings Registry","potentialAction":[{"@type":"SearchAction","target":{"@type":"EntryPoint","urlTemplate":"http:\/\/box5869.temp.domains\/~fxewmtmy\/?s={search_term_string}"},"query-input":{"@type":"PropertyValueSpecification","valueRequired":true,"valueName":"search_term_string"}}],"inLanguage":"en-CA"}]}},"jetpack_sharing_enabled":true,"_links":{"self":[{"href":"https:\/\/eringsme.com\/en\/wp-json\/wp\/v2\/product\/6571","targetHints":{"allow":["GET"]}}],"collection":[{"href":"https:\/\/eringsme.com\/en\/wp-json\/wp\/v2\/product"}],"about":[{"href":"https:\/\/eringsme.com\/en\/wp-json\/wp\/v2\/types\/product"}],"replies":[{"embeddable":true,"href":"https:\/\/eringsme.com\/en\/wp-json\/wp\/v2\/comments?post=6571"}],"version-history":[{"count":1,"href":"https:\/\/eringsme.com\/en\/wp-json\/wp\/v2\/product\/6571\/revisions"}],"predecessor-version":[{"id":6574,"href":"https:\/\/eringsme.com\/en\/wp-json\/wp\/v2\/product\/6571\/revisions\/6574"}],"wp:featuredmedia":[{"embeddable":true,"href":"https:\/\/eringsme.com\/en\/wp-json\/wp\/v2\/media\/6572"}],"wp:attachment":[{"href":"https:\/\/eringsme.com\/en\/wp-json\/wp\/v2\/media?parent=6571"}],"wp:term":[{"taxonomy":"product_brand","embeddable":true,"href":"https:\/\/eringsme.com\/en\/wp-json\/wp\/v2\/product_brand?post=6571"},{"taxonomy":"product_cat","embeddable":true,"href":"https:\/\/eringsme.com\/en\/wp-json\/wp\/v2\/product_cat?post=6571"},{"taxonomy":"product_tag","embeddable":true,"href":"https:\/\/eringsme.com\/en\/wp-json\/wp\/v2\/product_tag?post=6571"}],"curies":[{"name":"wp","href":"https:\/\/api.w.org\/{rel}","templated":true}]}}