{"id":9,"date":"2020-10-18T13:07:59","date_gmt":"2020-10-18T17:07:59","guid":{"rendered":"https:\/\/fxe.wmt.mybluehost.me\/?page_id=9"},"modified":"2023-06-23T11:00:51","modified_gmt":"2023-06-23T15:00:51","slug":"nous-joindre","status":"publish","type":"page","link":"https:\/\/eringsme.com\/en\/nous-joindre\/","title":{"rendered":"Contact us"},"content":{"rendered":"\t\t<div data-elementor-type=\"wp-page\" data-elementor-id=\"9\" class=\"elementor elementor-9\">\n\t\t\t\t\t\t<section class=\"elementor-section elementor-top-section elementor-element elementor-element-f995139 elementor-section-full_width elementor-section-height-default elementor-section-height-default\" data-id=\"f995139\" data-element_type=\"section\" data-e-type=\"section\">\n\t\t\t\t\t\t<div class=\"elementor-container elementor-column-gap-no\">\n\t\t\t\t\t<div class=\"elementor-column elementor-col-100 elementor-top-column elementor-element elementor-element-39a8339\" data-id=\"39a8339\" data-element_type=\"column\" data-e-type=\"column\">\n\t\t\t<div class=\"elementor-widget-wrap elementor-element-populated\">\n\t\t\t\t\t\t<div class=\"elementor-element elementor-element-8a4f155 elementor-hidden-mobile elementor-widget elementor-widget-image\" data-id=\"8a4f155\" data-element_type=\"widget\" data-e-type=\"widget\" data-widget_type=\"image.default\">\n\t\t\t\t<div class=\"elementor-widget-container\">\n\t\t\t\t\t\t\t\t\t\t\t\t\t\t\t<img fetchpriority=\"high\" decoding=\"async\" width=\"1160\" height=\"653\" src=\"https:\/\/eringsme.com\/wp-content\/uploads\/2023\/06\/rose-gold-color-solid-background-1920x1080-1.png\" class=\"attachment-large size-large wp-image-6181\" alt=\"\" srcset=\"https:\/\/eringsme.com\/wp-content\/uploads\/2023\/06\/rose-gold-color-solid-background-1920x1080-1.png 1200w, https:\/\/eringsme.com\/wp-content\/uploads\/2023\/06\/rose-gold-color-solid-background-1920x1080-1-460x259.png 460w, https:\/\/eringsme.com\/wp-content\/uploads\/2023\/06\/rose-gold-color-solid-background-1920x1080-1-760x428.png 760w, https:\/\/eringsme.com\/wp-content\/uploads\/2023\/06\/rose-gold-color-solid-background-1920x1080-1-920x518.png 920w, https:\/\/eringsme.com\/wp-content\/uploads\/2023\/06\/rose-gold-color-solid-background-1920x1080-1-258x145.png 258w, https:\/\/eringsme.com\/wp-content\/uploads\/2023\/06\/rose-gold-color-solid-background-1920x1080-1-516x290.png 516w\" sizes=\"(max-width: 1160px) 100vw, 1160px\" \/>\t\t\t\t\t\t\t\t\t\t\t\t\t\t\t<\/div>\n\t\t\t\t<\/div>\n\t\t\t\t<div class=\"elementor-element elementor-element-ce0db2d elementor-hidden-desktop elementor-hidden-tablet elementor-widget elementor-widget-image\" data-id=\"ce0db2d\" data-element_type=\"widget\" data-e-type=\"widget\" data-widget_type=\"image.default\">\n\t\t\t\t<div class=\"elementor-widget-container\">\n\t\t\t\t\t\t\t\t\t\t\t\t\t\t\t<img decoding=\"async\" width=\"1160\" height=\"534\" src=\"https:\/\/eringsme.com\/wp-content\/uploads\/2023\/06\/envelopes-6919301_1280.jpg\" class=\"attachment-large size-large wp-image-6232\" alt=\"\" srcset=\"https:\/\/eringsme.com\/wp-content\/uploads\/2023\/06\/envelopes-6919301_1280.jpg 1200w, https:\/\/eringsme.com\/wp-content\/uploads\/2023\/06\/envelopes-6919301_1280-460x212.jpg 460w, https:\/\/eringsme.com\/wp-content\/uploads\/2023\/06\/envelopes-6919301_1280-760x350.jpg 760w, https:\/\/eringsme.com\/wp-content\/uploads\/2023\/06\/envelopes-6919301_1280-920x423.jpg 920w, https:\/\/eringsme.com\/wp-content\/uploads\/2023\/06\/envelopes-6919301_1280-315x145.jpg 315w, https:\/\/eringsme.com\/wp-content\/uploads\/2023\/06\/envelopes-6919301_1280-630x290.jpg 630w\" sizes=\"(max-width: 1160px) 100vw, 1160px\" \/>\t\t\t\t\t\t\t\t\t\t\t\t\t\t\t<\/div>\n\t\t\t\t<\/div>\n\t\t\t\t\t<\/div>\n\t\t<\/div>\n\t\t\t\t\t<\/div>\n\t\t<\/section>\n\t\t\t\t<section class=\"elementor-section elementor-top-section elementor-element elementor-element-8d14aaa elementor-section-full_width elementor-section-height-default elementor-section-height-default\" data-id=\"8d14aaa\" data-element_type=\"section\" data-e-type=\"section\">\n\t\t\t\t\t\t<div class=\"elementor-container elementor-column-gap-no\">\n\t\t\t\t\t<div class=\"elementor-column elementor-col-100 elementor-top-column elementor-element elementor-element-bff3154\" data-id=\"bff3154\" data-element_type=\"column\" data-e-type=\"column\" data-settings=\"{&quot;background_background&quot;:&quot;classic&quot;}\">\n\t\t\t<div class=\"elementor-widget-wrap elementor-element-populated\">\n\t\t\t\t\t\t<div class=\"elementor-element elementor-element-370754a elementor-widget elementor-widget-text-editor\" data-id=\"370754a\" data-element_type=\"widget\" data-e-type=\"widget\" data-widget_type=\"text-editor.default\">\n\t\t\t\t<div class=\"elementor-widget-container\">\n\t\t\t\t\t\t\t\t\t<span style=\"font-family: TuesdayNight; font-size: 35px;\">E Rings Me<\/span>\t\t\t\t\t\t\t\t<\/div>\n\t\t\t\t<\/div>\n\t\t\t\t<div class=\"elementor-element elementor-element-89ddc69 elementor-hidden-mobile elementor-widget elementor-widget-ideapark-heading\" data-id=\"89ddc69\" data-element_type=\"widget\" data-e-type=\"widget\" data-widget_type=\"ideapark-heading.default\">\n\t\t\t\t<div class=\"elementor-widget-container\">\n\t\t\t\t\t<h1 class=\"c-ip-heading c-ip-heading--small c-ip-heading--center c-ip-heading--tablet-center c-ip-heading--mobile-center c-ip-heading--bullet-hide\"><span class=\"c-ip-heading__inner\">Contactez-Nous<\/span><\/h1>\t\t\t\t<\/div>\n\t\t\t\t<\/div>\n\t\t\t\t<div class=\"elementor-element elementor-element-466f99f elementor-widget elementor-widget-text-editor\" data-id=\"466f99f\" data-element_type=\"widget\" data-e-type=\"widget\" data-widget_type=\"text-editor.default\">\n\t\t\t\t<div class=\"elementor-widget-container\">\n\t\t\t\t\t\t\t\t\t<p>Ne vous g\u00eanez surtout pas pour nous contacter. Il nous fera plaisir de vous r\u00e9pondre dans les plus brefs d\u00e9lais!<\/p>\t\t\t\t\t\t\t\t<\/div>\n\t\t\t\t<\/div>\n\t\t\t\t<div class=\"elementor-element elementor-element-8f467ac elementor-widget elementor-widget-shortcode\" data-id=\"8f467ac\" data-element_type=\"widget\" data-e-type=\"widget\" data-widget_type=\"shortcode.default\">\n\t\t\t\t<div class=\"elementor-widget-container\">\n\t\t\t\t\t\t\t<div class=\"elementor-shortcode\"><div class='fluentform ff-default fluentform_wrapper_1 ffs_default_wrap'><form data-form_id=\"1\" id=\"fluentform_1\" class=\"frm-fluent-form fluent_form_1 ff-el-form-top ff_form_instance_1_1 ff-form-loading ffs_default\" data-form_instance=\"ff_form_instance_1_1\" method=\"POST\" ><fieldset  style=\"border: none!important;margin: 0!important;padding: 0!important;background-color: transparent!important;box-shadow: none!important;outline: none!important; min-inline-size: 100%;\">\n                    <legend class=\"ff_screen_reader_title\" style=\"display: block; margin: 0!important;padding: 0!important;height: 0!important;text-indent: -999999px;width: 0!important;overflow:hidden;\">Contact Form Demo<\/legend><p style=\"display: none !important;\" class=\"akismet-fields-container\" data-prefix=\"ak_\"><label>&#916;<textarea name=\"ak_hp_textarea\" cols=\"45\" rows=\"8\" maxlength=\"100\"><\/textarea><\/label><input type=\"hidden\" id=\"ak_js_1\" name=\"ak_js\" value=\"11\"\/><script>document.getElementById( \"ak_js_1\" ).setAttribute( \"value\", ( new Date() ).getTime() );<\/script><\/p><input type='hidden' name='__fluent_form_embded_post_id' value='9' \/><input type=\"hidden\" id=\"_fluentform_1_fluentformnonce\" name=\"_fluentform_1_fluentformnonce\" value=\"235b11bb51\" \/><input type=\"hidden\" name=\"_wp_http_referer\" value=\"\/en\/wp-json\/wp\/v2\/pages\/9\" \/><div data-type=\"name-element\" data-name=\"names\" class=\" ff-field_container ff-name-field-wrapper\" ><div class='ff-t-container'><div class='ff-t-cell '><div class='ff-el-group'><div class=\"ff-el-input--label ff-el-is-required asterisk-right\"><label for='ff_1_names_first_name_' id='label_ff_1_names_first_name_' >Pr\u00e9nom<\/label><\/div><div class='ff-el-input--content'><input type=\"text\" name=\"names[first_name]\" id=\"ff_1_names_first_name_\" class=\"ff-el-form-control\" placeholder=\"Pr\u00e9nom\" aria-invalid=\"false\" aria-required=true><\/div><\/div><\/div><div class='ff-t-cell '><div class='ff-el-group'><div class=\"ff-el-input--label ff-el-is-required asterisk-right\"><label for='ff_1_names_last_name_' id='label_ff_1_names_last_name_' >Nom<\/label><\/div><div class='ff-el-input--content'><input type=\"text\" name=\"names[last_name]\" id=\"ff_1_names_last_name_\" class=\"ff-el-form-control\" placeholder=\"Nom\" aria-invalid=\"false\" aria-required=true><\/div><\/div><\/div><\/div><\/div><div class='ff-el-group'><div class=\"ff-el-input--label ff-el-is-required asterisk-right\"><label for='ff_1_email' id='label_ff_1_email' aria-label=\"Email\">Email<\/label><\/div><div class='ff-el-input--content'><input type=\"email\" name=\"email\" id=\"ff_1_email\" class=\"ff-el-form-control\" placeholder=\"Email\" data-name=\"email\"  aria-invalid=\"false\" aria-required=true><\/div><\/div><div class='ff-el-group'><div class=\"ff-el-input--label ff-el-is-required asterisk-right\"><label for='ff_1_subject' id='label_ff_1_subject' aria-label=\"Sujet\">Sujet<\/label><\/div><div class='ff-el-input--content'><input type=\"text\" name=\"subject\" class=\"ff-el-form-control\" placeholder=\"Sujet\" data-name=\"subject\" id=\"ff_1_subject\"  aria-invalid=\"false\" aria-required=true><\/div><\/div><div class='ff-el-group'><div class=\"ff-el-input--label ff-el-is-required asterisk-right\"><label for='ff_1_message' id='label_ff_1_message' aria-label=\"Message\">Message<\/label><\/div><div class='ff-el-input--content'><textarea aria-required=\"true\" aria-labelledby=\"label_ff_1_message\" name=\"message\" id=\"ff_1_message\" class=\"ff-el-form-control\" placeholder=\"Votre message\" rows=\"4\" cols=\"2\" data-name=\"message\" ><\/textarea><\/div><\/div><div class='ff-el-group ' ><div class='ff-el-input--content'><div data-fluent_id='1' name='g-recaptcha-response'><div\n\t\tdata-sitekey='6LcQmsMmAAAAAHAnyJ3dTtBm0Sd3XkzgPnBi0SEC'\n\t\tid='fluentform-recaptcha-1-1'\n\t\tclass='ff-el-recaptcha g-recaptcha'\n\t\tdata-callback='fluentFormrecaptchaSuccessCallback'><\/div><\/div><\/div><\/div><div class='ff-el-group ff-text-left ff_submit_btn_wrapper'><button type=\"submit\" class=\"ff-btn ff-btn-submit ff-btn-md ff_btn_style\"  aria-label=\"Envoyer\">Envoyer<\/button><\/div><\/fieldset><\/form><div id='fluentform_1_errors' class='ff-errors-in-stack ff_form_instance_1_1 ff-form-loading_errors ff_form_instance_1_1_errors'><\/div><\/div>            <script type=\"text\/javascript\">\n                window.fluent_form_ff_form_instance_1_1 = {\"id\":\"1\",\"ajaxUrl\":\"https:\\\/\\\/eringsme.com\\\/wp-admin\\\/admin-ajax.php\",\"settings\":{\"layout\":{\"labelPlacement\":\"top\",\"helpMessagePlacement\":\"with_label\",\"errorMessagePlacement\":\"inline\",\"cssClassName\":\"\",\"asteriskPlacement\":\"asterisk-right\"},\"restrictions\":{\"denyEmptySubmission\":{\"enabled\":false}}},\"form_instance\":\"ff_form_instance_1_1\",\"form_id_selector\":\"fluentform_1\",\"rules\":{\"names[first_name]\":{\"required\":{\"value\":true,\"message\":\"Ce champ est requis.\"}},\"names[middle_name]\":{\"required\":{\"value\":false,\"message\":\"This field is required\"}},\"names[last_name]\":{\"required\":{\"value\":true,\"message\":\"Ce champ est requis.\"}},\"email\":{\"required\":{\"value\":true,\"message\":\"Ce champ est requis.\"},\"email\":{\"value\":true,\"message\":\"Ce champ doit contenir un email valide.\"}},\"subject\":{\"required\":{\"value\":true,\"message\":\"Ce champ est requis.\"}},\"message\":{\"required\":{\"value\":true,\"message\":\"Ce champ est requis.\"}},\"g-recaptcha-response\":[]},\"debounce_time\":300};\n                            <\/script>\n            <\/div>\n\t\t\t\t\t\t<\/div>\n\t\t\t\t<\/div>\n\t\t\t\t\t<\/div>\n\t\t<\/div>\n\t\t\t\t\t<\/div>\n\t\t<\/section>\n\t\t\t\t<\/div>\n\t\t","protected":false},"excerpt":{"rendered":"<p>E Rings Me Contactez-Nous Ne vous g\u00eanez surtout pas pour nous contacter. Il nous fera plaisir de vous r\u00e9pondre dans les plus&hellip;<\/p>","protected":false},"author":1,"featured_media":0,"parent":0,"menu_order":0,"comment_status":"closed","ping_status":"closed","template":"elementor_header_footer","meta":{"om_disable_all_campaigns":false,"_monsterinsights_skip_tracking":false,"_monsterinsights_sitenote_active":false,"_monsterinsights_sitenote_note":"","_monsterinsights_sitenote_category":0,"footnotes":""},"class_list":["post-9","page","type-page","status-publish","hentry"],"yoast_head":"<!-- This site is optimized with the Yoast SEO plugin v27.4 - https:\/\/yoast.com\/product\/yoast-seo-wordpress\/ -->\n<title>Nous Joindre - E Rings Me<\/title>\n<meta name=\"robots\" content=\"index, follow, max-snippet:-1, max-image-preview:large, max-video-preview:-1\" \/>\n<link rel=\"canonical\" href=\"http:\/\/box5869.temp.domains\/~fxewmtmy\/nous-joindre\/\" \/>\n<meta property=\"og:locale\" content=\"en_US\" \/>\n<meta property=\"og:type\" content=\"article\" \/>\n<meta property=\"og:title\" content=\"Nous Joindre - E Rings Me\" \/>\n<meta property=\"og:description\" content=\"E Rings Me Contactez-Nous Ne vous g\u00eanez surtout pas pour nous contacter. Il nous fera plaisir de vous r\u00e9pondre dans les plus&hellip;\" \/>\n<meta property=\"og:url\" content=\"http:\/\/box5869.temp.domains\/~fxewmtmy\/nous-joindre\/\" \/>\n<meta property=\"og:site_name\" content=\"E Rings Me\" \/>\n<meta property=\"article:modified_time\" content=\"2023-06-23T15:00:51+00:00\" \/>\n<meta property=\"og:image\" content=\"http:\/\/box5869.temp.domains\/~fxewmtmy\/wp-content\/uploads\/2023\/06\/rose-gold-color-solid-background-1920x1080-1.png\" \/>\n<meta name=\"twitter:card\" content=\"summary_large_image\" \/>\n<meta name=\"twitter:label1\" content=\"Est. reading time\" \/>\n\t<meta name=\"twitter:data1\" content=\"1 minute\" \/>\n<script type=\"application\/ld+json\" class=\"yoast-schema-graph\">{\"@context\":\"https:\\\/\\\/schema.org\",\"@graph\":[{\"@type\":\"WebPage\",\"@id\":\"http:\\\/\\\/box5869.temp.domains\\\/~fxewmtmy\\\/nous-joindre\\\/\",\"url\":\"http:\\\/\\\/box5869.temp.domains\\\/~fxewmtmy\\\/nous-joindre\\\/\",\"name\":\"Nous Joindre - E Rings Me\",\"isPartOf\":{\"@id\":\"http:\\\/\\\/box5869.temp.domains\\\/~fxewmtmy\\\/#website\"},\"primaryImageOfPage\":{\"@id\":\"http:\\\/\\\/box5869.temp.domains\\\/~fxewmtmy\\\/nous-joindre\\\/#primaryimage\"},\"image\":{\"@id\":\"http:\\\/\\\/box5869.temp.domains\\\/~fxewmtmy\\\/nous-joindre\\\/#primaryimage\"},\"thumbnailUrl\":\"https:\\\/\\\/eringsme.com\\\/wp-content\\\/uploads\\\/2023\\\/06\\\/rose-gold-color-solid-background-1920x1080-1.png\",\"datePublished\":\"2020-10-18T17:07:59+00:00\",\"dateModified\":\"2023-06-23T15:00:51+00:00\",\"breadcrumb\":{\"@id\":\"http:\\\/\\\/box5869.temp.domains\\\/~fxewmtmy\\\/nous-joindre\\\/#breadcrumb\"},\"inLanguage\":\"en-CA\",\"potentialAction\":[{\"@type\":\"ReadAction\",\"target\":[\"http:\\\/\\\/box5869.temp.domains\\\/~fxewmtmy\\\/nous-joindre\\\/\"]}]},{\"@type\":\"ImageObject\",\"inLanguage\":\"en-CA\",\"@id\":\"http:\\\/\\\/box5869.temp.domains\\\/~fxewmtmy\\\/nous-joindre\\\/#primaryimage\",\"url\":\"https:\\\/\\\/eringsme.com\\\/wp-content\\\/uploads\\\/2023\\\/06\\\/rose-gold-color-solid-background-1920x1080-1.png\",\"contentUrl\":\"https:\\\/\\\/eringsme.com\\\/wp-content\\\/uploads\\\/2023\\\/06\\\/rose-gold-color-solid-background-1920x1080-1.png\"},{\"@type\":\"BreadcrumbList\",\"@id\":\"http:\\\/\\\/box5869.temp.domains\\\/~fxewmtmy\\\/nous-joindre\\\/#breadcrumb\",\"itemListElement\":[{\"@type\":\"ListItem\",\"position\":1,\"name\":\"Home\",\"item\":\"https:\\\/\\\/eringsme.com\\\/\"},{\"@type\":\"ListItem\",\"position\":2,\"name\":\"Nous Joindre\"}]},{\"@type\":\"WebSite\",\"@id\":\"http:\\\/\\\/box5869.temp.domains\\\/~fxewmtmy\\\/#website\",\"url\":\"http:\\\/\\\/box5869.temp.domains\\\/~fxewmtmy\\\/\",\"name\":\"E Rings Me\",\"description\":\"Rings Registry\",\"potentialAction\":[{\"@type\":\"SearchAction\",\"target\":{\"@type\":\"EntryPoint\",\"urlTemplate\":\"http:\\\/\\\/box5869.temp.domains\\\/~fxewmtmy\\\/?s={search_term_string}\"},\"query-input\":{\"@type\":\"PropertyValueSpecification\",\"valueRequired\":true,\"valueName\":\"search_term_string\"}}],\"inLanguage\":\"en-CA\"}]}<\/script>\n<!-- \/ Yoast SEO plugin. -->","yoast_head_json":{"title":"Nous Joindre - E Rings Me","robots":{"index":"index","follow":"follow","max-snippet":"max-snippet:-1","max-image-preview":"max-image-preview:large","max-video-preview":"max-video-preview:-1"},"canonical":"http:\/\/box5869.temp.domains\/~fxewmtmy\/nous-joindre\/","og_locale":"en_US","og_type":"article","og_title":"Nous Joindre - E Rings Me","og_description":"E Rings Me Contactez-Nous Ne vous g\u00eanez surtout pas pour nous contacter. Il nous fera plaisir de vous r\u00e9pondre dans les plus&hellip;","og_url":"http:\/\/box5869.temp.domains\/~fxewmtmy\/nous-joindre\/","og_site_name":"E Rings Me","article_modified_time":"2023-06-23T15:00:51+00:00","og_image":[{"url":"http:\/\/box5869.temp.domains\/~fxewmtmy\/wp-content\/uploads\/2023\/06\/rose-gold-color-solid-background-1920x1080-1.png","type":"","width":"","height":""}],"twitter_card":"summary_large_image","twitter_misc":{"Est. reading time":"1 minute"},"schema":{"@context":"https:\/\/schema.org","@graph":[{"@type":"WebPage","@id":"http:\/\/box5869.temp.domains\/~fxewmtmy\/nous-joindre\/","url":"http:\/\/box5869.temp.domains\/~fxewmtmy\/nous-joindre\/","name":"Nous Joindre - E Rings Me","isPartOf":{"@id":"http:\/\/box5869.temp.domains\/~fxewmtmy\/#website"},"primaryImageOfPage":{"@id":"http:\/\/box5869.temp.domains\/~fxewmtmy\/nous-joindre\/#primaryimage"},"image":{"@id":"http:\/\/box5869.temp.domains\/~fxewmtmy\/nous-joindre\/#primaryimage"},"thumbnailUrl":"https:\/\/eringsme.com\/wp-content\/uploads\/2023\/06\/rose-gold-color-solid-background-1920x1080-1.png","datePublished":"2020-10-18T17:07:59+00:00","dateModified":"2023-06-23T15:00:51+00:00","breadcrumb":{"@id":"http:\/\/box5869.temp.domains\/~fxewmtmy\/nous-joindre\/#breadcrumb"},"inLanguage":"en-CA","potentialAction":[{"@type":"ReadAction","target":["http:\/\/box5869.temp.domains\/~fxewmtmy\/nous-joindre\/"]}]},{"@type":"ImageObject","inLanguage":"en-CA","@id":"http:\/\/box5869.temp.domains\/~fxewmtmy\/nous-joindre\/#primaryimage","url":"https:\/\/eringsme.com\/wp-content\/uploads\/2023\/06\/rose-gold-color-solid-background-1920x1080-1.png","contentUrl":"https:\/\/eringsme.com\/wp-content\/uploads\/2023\/06\/rose-gold-color-solid-background-1920x1080-1.png"},{"@type":"BreadcrumbList","@id":"http:\/\/box5869.temp.domains\/~fxewmtmy\/nous-joindre\/#breadcrumb","itemListElement":[{"@type":"ListItem","position":1,"name":"Home","item":"https:\/\/eringsme.com\/"},{"@type":"ListItem","position":2,"name":"Nous Joindre"}]},{"@type":"WebSite","@id":"http:\/\/box5869.temp.domains\/~fxewmtmy\/#website","url":"http:\/\/box5869.temp.domains\/~fxewmtmy\/","name":"E Rings Me","description":"Rings Registry","potentialAction":[{"@type":"SearchAction","target":{"@type":"EntryPoint","urlTemplate":"http:\/\/box5869.temp.domains\/~fxewmtmy\/?s={search_term_string}"},"query-input":{"@type":"PropertyValueSpecification","valueRequired":true,"valueName":"search_term_string"}}],"inLanguage":"en-CA"}]}},"jetpack_sharing_enabled":true,"_links":{"self":[{"href":"https:\/\/eringsme.com\/en\/wp-json\/wp\/v2\/pages\/9","targetHints":{"allow":["GET"]}}],"collection":[{"href":"https:\/\/eringsme.com\/en\/wp-json\/wp\/v2\/pages"}],"about":[{"href":"https:\/\/eringsme.com\/en\/wp-json\/wp\/v2\/types\/page"}],"author":[{"embeddable":true,"href":"https:\/\/eringsme.com\/en\/wp-json\/wp\/v2\/users\/1"}],"replies":[{"embeddable":true,"href":"https:\/\/eringsme.com\/en\/wp-json\/wp\/v2\/comments?post=9"}],"version-history":[{"count":5,"href":"https:\/\/eringsme.com\/en\/wp-json\/wp\/v2\/pages\/9\/revisions"}],"predecessor-version":[{"id":6492,"href":"https:\/\/eringsme.com\/en\/wp-json\/wp\/v2\/pages\/9\/revisions\/6492"}],"wp:attachment":[{"href":"https:\/\/eringsme.com\/en\/wp-json\/wp\/v2\/media?parent=9"}],"curies":[{"name":"wp","href":"https:\/\/api.w.org\/{rel}","templated":true}]}}