{"id":179,"date":"2020-10-21T08:35:42","date_gmt":"2020-10-21T05:35:42","guid":{"rendered":"https:\/\/fxe.wmt.mybluehost.me\/?page_id=179"},"modified":"2023-06-17T19:38:36","modified_gmt":"2023-06-17T23:38:36","slug":"faq","status":"publish","type":"page","link":"https:\/\/eringsme.com\/en\/faq\/","title":{"rendered":"FAQ"},"content":{"rendered":"<div data-elementor-type=\"wp-page\" data-elementor-id=\"179\" class=\"elementor elementor-179\">\n\t\t\t\t\t\t<section class=\"elementor-section elementor-top-section elementor-element elementor-element-51cc69c elementor-section-full_width elementor-section-height-default elementor-section-height-default\" data-id=\"51cc69c\" data-element_type=\"section\" data-e-type=\"section\">\n\t\t\t\t\t\t<div class=\"elementor-container elementor-column-gap-no\">\n\t\t\t\t\t<div class=\"elementor-column elementor-col-100 elementor-top-column elementor-element elementor-element-d3159a6\" data-id=\"d3159a6\" data-element_type=\"column\" data-e-type=\"column\">\n\t\t\t<div class=\"elementor-widget-wrap elementor-element-populated\">\n\t\t\t\t\t\t<div class=\"elementor-element elementor-element-d04350a elementor-widget elementor-widget-ideapark-page-header\" data-id=\"d04350a\" data-element_type=\"widget\" data-e-type=\"widget\" data-widget_type=\"ideapark-page-header.default\">\n\t\t\t\t<div class=\"elementor-widget-container\">\n\t\t\t\t\t\t<header\n\t\tclass=\"l-section c-page-header c-page-header--header-type-1 c-page-header--default c-page-header--low\"\n\t\t>\n\n\t\t\t\t\t<div class=\"c-page-header__wrap\">\n\t\t\t\t\t\t\t\t\t<h1 class=\"c-page-header__title\">FAQ<\/h1>\n\t\t\t\t\t\t\t<\/div>\n\t\t\t\t\t\t\t<div class=\"c-page-header__spacer\"><\/div>\n\t\t\t<\/header>\n\t\t\t\t<\/div>\n\t\t\t\t<\/div>\n\t\t\t\t\t<\/div>\n\t\t<\/div>\n\t\t\t\t\t<\/div>\n\t\t<\/section>\n\t\t\t\t<section class=\"elementor-section elementor-top-section elementor-element elementor-element-1617f7b elementor-section-boxed elementor-section-height-default elementor-section-height-default\" data-id=\"1617f7b\" data-element_type=\"section\" data-e-type=\"section\">\n\t\t\t\t\t\t<div class=\"elementor-container elementor-column-gap-no\">\n\t\t\t\t\t<div class=\"elementor-column elementor-col-100 elementor-top-column elementor-element elementor-element-bc288d3\" data-id=\"bc288d3\" data-element_type=\"column\" data-e-type=\"column\">\n\t\t\t<div class=\"elementor-widget-wrap elementor-element-populated\">\n\t\t\t\t\t\t<div class=\"elementor-element elementor-element-450377d elementor-widget elementor-widget-ideapark-accordion\" data-id=\"450377d\" data-element_type=\"widget\" data-e-type=\"widget\" data-widget_type=\"ideapark-accordion.default\">\n\t\t\t\t<div class=\"elementor-widget-container\">\n\t\t\t\t\t\t\t<div class=\"c-ip-accordion\">\n\t\t\t<div class=\"c-ip-accordion__wrap c-ip-accordion__wrap--layout-2\">\n\t\t\t\t<div class=\"c-ip-accordion__list c-ip-accordion__list--layout-2\">\n\t\t\t\t\t\t\t\t\t\t<div class=\"c-ip-accordion__item c-ip-accordion__item--layout-2\">\n\t\t\t\t\t\t<a class=\"c-ip-accordion__header c-ip-accordion__header--layout-2 js-accordion-title\" href=\"\" onclick=\"return false;\">1. HOW DO I SHARE MY REGISTER?<i class=\"ip-right c-ip-accordion__arrow c-ip-accordion__arrow--layout-2\"><\/i><\/a>\t\t\t\t\t\t<div class=\"c-ip-accordion__content c-ip-accordion__content--layout-2\"><p>When the registry is complete and ready to be shared, the customer must give the registry a name and change the privacy setting so that your loved one can find your registry with your e-mail address or the name of your ring registry.  This information will then be linked to your list and give them access.<\/p><\/div>\t\t\t\t\t<\/div>\n\t\t\t\t\t\t\t\t\t\t\t\t\t\t\t<div class=\"c-ip-accordion__item c-ip-accordion__item--layout-2\">\n\t\t\t\t\t\t<a class=\"c-ip-accordion__header c-ip-accordion__header--layout-2 js-accordion-title\" href=\"\" onclick=\"return false;\">2. WHAT ARE YOUR RETURN POLICIES FOR JEWELRY PURCHASED ONLINE?<i class=\"ip-right c-ip-accordion__arrow c-ip-accordion__arrow--layout-2\"><\/i><\/a>\t\t\t\t\t\t<div class=\"c-ip-accordion__content c-ip-accordion__content--layout-2\"><p>Return policies are established by the jewelers who supply the ring.<\/p><p>Custom designs or custom-made items and\/or orders are not exchangeable. No refunds will be given. Final sale only.<\/p><\/div>\t\t\t\t\t<\/div>\n\t\t\t\t\t\t\t\t\t\t\t\t\t\t\t<div class=\"c-ip-accordion__item c-ip-accordion__item--layout-2\">\n\t\t\t\t\t\t<a class=\"c-ip-accordion__header c-ip-accordion__header--layout-2 js-accordion-title\" href=\"\" onclick=\"return false;\">3. CAN I MAKE PURCHASES DIRECTLY ONLINE ON THE SITE?<i class=\"ip-right c-ip-accordion__arrow c-ip-accordion__arrow--layout-2\"><\/i><\/a>\t\t\t\t\t\t<div class=\"c-ip-accordion__content c-ip-accordion__content--layout-2\"><p>Yes, you can.<\/p><\/div>\t\t\t\t\t<\/div>\n\t\t\t\t\t\t\t\t\t\t\t\t\t\t\t<div class=\"c-ip-accordion__item c-ip-accordion__item--layout-2\">\n\t\t\t\t\t\t<a class=\"c-ip-accordion__header c-ip-accordion__header--layout-2 js-accordion-title\" href=\"\" onclick=\"return false;\">4. WHAT METHODS OF PAYMENT ARE ACCEPTED ON THE SITE?<i class=\"ip-right c-ip-accordion__arrow c-ip-accordion__arrow--layout-2\"><\/i><\/a>\t\t\t\t\t\t<div class=\"c-ip-accordion__content c-ip-accordion__content--layout-2\"><p>Credit card only.\u00a0<\/p><\/div>\t\t\t\t\t<\/div>\n\t\t\t\t\t\t\t\t\t\t\t\t\t\t\t<div class=\"c-ip-accordion__item c-ip-accordion__item--layout-2\">\n\t\t\t\t\t\t<a class=\"c-ip-accordion__header c-ip-accordion__header--layout-2 js-accordion-title\" href=\"\" onclick=\"return false;\">5. CAN I CHANGE THE NAME OF THE PERSON WHO HAS ACCESS TO MY GIFT LIST?<i class=\"ip-right c-ip-accordion__arrow c-ip-accordion__arrow--layout-2\"><\/i><\/a>\t\t\t\t\t\t<div class=\"c-ip-accordion__content c-ip-accordion__content--layout-2\"><p>You don't need to add the name of the person who will have access to your register. Just make sure that the person who will be looking for your register has the right e-mail address attached to your account.<\/p><\/div>\t\t\t\t\t<\/div>\n\t\t\t\t\t\t\t\t\t\t\t\t\t\t\t<div class=\"c-ip-accordion__item c-ip-accordion__item--layout-2\">\n\t\t\t\t\t\t<a class=\"c-ip-accordion__header c-ip-accordion__header--layout-2 js-accordion-title\" href=\"\" onclick=\"return false;\">6. DO YOU HAVE A BRANCH?<i class=\"ip-right c-ip-accordion__arrow c-ip-accordion__arrow--layout-2\"><\/i><\/a>\t\t\t\t\t\t<div class=\"c-ip-accordion__content c-ip-accordion__content--layout-2\"><p>No, our services are exclusively online.<\/p><p>But it is possible to see the ring before buying it, by appointment only.<\/p><\/div>\t\t\t\t\t<\/div>\n\t\t\t\t\t\t\t\t\t<\/div>\n\t\t\t\t<div class=\"c-ip-accordion__list c-ip-accordion__list--layout-2\">\n\t\t\t\t\t\t\t\t\t\t\t\t\t\t\t<div class=\"c-ip-accordion__item c-ip-accordion__item--layout-2\">\n\t\t\t\t\t\t<a class=\"c-ip-accordion__header c-ip-accordion__header--layout-2 js-accordion-title\" href=\"\" onclick=\"return false;\">7. IS THIS SITE ONLY FOR COUPLES WHO WANT TO GET MARRIED?<i class=\"ip-right c-ip-accordion__arrow c-ip-accordion__arrow--layout-2\"><\/i><\/a>\t\t\t\t\t\t<div class=\"c-ip-accordion__content c-ip-accordion__content--layout-2\"><p>No, E Rings Me is an online jewelry store open to everyone. We are primarily a platform for you to register and evaluate a variety of beautiful rings. You can also treat yourself to the ring of your dreams.<\/p><\/div>\t\t\t\t\t<\/div>\n\t\t\t\t\t\t\t\t\t\t\t\t\t\t\t<div class=\"c-ip-accordion__item c-ip-accordion__item--layout-2\">\n\t\t\t\t\t\t<a class=\"c-ip-accordion__header c-ip-accordion__header--layout-2 js-accordion-title\" href=\"\" onclick=\"return false;\">8. IS IT POSSIBLE TO MAKE MY RING FROM SCRATCH?<i class=\"ip-right c-ip-accordion__arrow c-ip-accordion__arrow--layout-2\"><\/i><\/a>\t\t\t\t\t\t<div class=\"c-ip-accordion__content c-ip-accordion__content--layout-2\"><p>The concept of E Rings Me is to note down and create a register with the ring models available in jewelry stores to help your partner make a choice according to your tastes. Just be sure to include only the models you really like.<\/p><p>But it is possible to create a unique, personalized ring.<\/p><\/div>\t\t\t\t\t<\/div>\n\t\t\t\t\t\t\t\t\t\t\t\t\t\t\t<div class=\"c-ip-accordion__item c-ip-accordion__item--layout-2\">\n\t\t\t\t\t\t<a class=\"c-ip-accordion__header c-ip-accordion__header--layout-2 js-accordion-title\" href=\"\" onclick=\"return false;\">9. I DON'T HAVE A BIG BUDGET. CAN I PAY BY INSTALMENTS?<i class=\"ip-right c-ip-accordion__arrow c-ip-accordion__arrow--layout-2\"><\/i><\/a>\t\t\t\t\t\t<div class=\"c-ip-accordion__content c-ip-accordion__content--layout-2\"><div class=\"wpb_text_column wpb_content_element\"><div class=\"wpb_wrapper\"><p>The payment methods authorized on E rings me are by credit card, but it is unfortunately not possible to make deposit payments directly on the site.<\/p><p>You can contact me by email at info@eringsme.com to make a payment arrangement.<\/p><\/div><\/div><\/div>\t\t\t\t\t<\/div>\n\t\t\t\t\t\t\t\t\t\t\t\t\t\t\t<div class=\"c-ip-accordion__item c-ip-accordion__item--layout-2\">\n\t\t\t\t\t\t<a class=\"c-ip-accordion__header c-ip-accordion__header--layout-2 js-accordion-title\" href=\"\" onclick=\"return false;\">10. CAN I CHAT WITH AN ADVISOR ONLINE?<i class=\"ip-right c-ip-accordion__arrow c-ip-accordion__arrow--layout-2\"><\/i><\/a>\t\t\t\t\t\t<div class=\"c-ip-accordion__content c-ip-accordion__content--layout-2\"><div class=\"wpb_text_column wpb_content_element\"><div class=\"wpb_wrapper\"><p>If you have any questions about the ring designs or if you have any suggestions, please don't hesitate to contact us at info@erinsme.com or on Instagram @eringsme suggestions contact us at info@eringsme.com or contact me on Instagram @erinsme<\/p><p>You can contact me by email at info@eringsme.com to make a payment arrangement.<\/p><\/div><\/div><\/div>\t\t\t\t\t<\/div>\n\t\t\t\t\t\t\t\t\t\t\t\t\t\t\t<div class=\"c-ip-accordion__item c-ip-accordion__item--layout-2\">\n\t\t\t\t\t\t<a class=\"c-ip-accordion__header c-ip-accordion__header--layout-2 js-accordion-title\" href=\"\" onclick=\"return false;\">11. HOW DOES E RINGS ME WORK?<i class=\"ip-right c-ip-accordion__arrow c-ip-accordion__arrow--layout-2\"><\/i><\/a>\t\t\t\t\t\t<div class=\"c-ip-accordion__content c-ip-accordion__content--layout-2\"><div class=\"wpb_text_column wpb_content_element\"><div class=\"wpb_wrapper\"><div class=\"wpb_text_column wpb_content_element\"><div class=\"wpb_wrapper\"><p>Here's how:<\/p><ol><li>Create an account<\/li><li>Select and evaluate your favorite ring designs<\/li><li>Place them in order of preference<\/li><li>Change your registry's privacy settings, make it public<\/li><li>Man finds your register with your e-mail address<\/li><li>Finalizing the choice of the ideal ring and purchasing the jewel<\/li><\/ol><\/div><\/div><\/div><\/div><\/div>\t\t\t\t\t<\/div>\n\t\t\t\t\t\t\t\t\t\t\t\t\t\t<\/div>\n\t\t\t<\/div>\n\t\t<\/div>\n\t\t\t\t\t\t<\/div>\n\t\t\t\t<\/div>\n\t\t\t\t\t<\/div>\n\t\t<\/div>\n\t\t\t\t\t<\/div>\n\t\t<\/section>\n\t\t\t\t<\/div>","protected":false},"excerpt":{"rendered":"<p>FAQ 1. COMMENT PARTAGER MON REGISTRE ? Lorsque le registre est complet et pr\u00eat \u00e0 \u00eatre partag\u00e9, le client doit donner un&hellip;<\/p>","protected":false},"author":1,"featured_media":0,"parent":0,"menu_order":0,"comment_status":"closed","ping_status":"closed","template":"elementor_header_footer","meta":{"om_disable_all_campaigns":false,"_monsterinsights_skip_tracking":false,"_monsterinsights_sitenote_active":false,"_monsterinsights_sitenote_note":"","_monsterinsights_sitenote_category":0,"footnotes":""},"class_list":["post-179","page","type-page","status-publish","hentry"],"yoast_head":"<!-- This site is optimized with the Yoast SEO plugin v27.4 - https:\/\/yoast.com\/product\/yoast-seo-wordpress\/ -->\n<title>FAQ - E Rings Me<\/title>\n<meta name=\"robots\" content=\"index, follow, max-snippet:-1, max-image-preview:large, max-video-preview:-1\" \/>\n<link rel=\"canonical\" href=\"http:\/\/box5869.temp.domains\/~fxewmtmy\/faq\/\" \/>\n<meta property=\"og:locale\" content=\"en_US\" \/>\n<meta property=\"og:type\" content=\"article\" \/>\n<meta property=\"og:title\" content=\"FAQ - E Rings Me\" \/>\n<meta property=\"og:description\" content=\"FAQ 1. COMMENT PARTAGER MON REGISTRE ? Lorsque le registre est complet et pr\u00eat \u00e0 \u00eatre partag\u00e9, le client doit donner un&hellip;\" \/>\n<meta property=\"og:url\" content=\"http:\/\/box5869.temp.domains\/~fxewmtmy\/faq\/\" \/>\n<meta property=\"og:site_name\" content=\"E Rings Me\" \/>\n<meta property=\"article:modified_time\" content=\"2023-06-17T23:38:36+00:00\" \/>\n<meta name=\"twitter:card\" content=\"summary_large_image\" \/>\n<meta name=\"twitter:label1\" content=\"Est. reading time\" \/>\n\t<meta name=\"twitter:data1\" content=\"3 minutes\" \/>\n<script type=\"application\/ld+json\" class=\"yoast-schema-graph\">{\"@context\":\"https:\\\/\\\/schema.org\",\"@graph\":[{\"@type\":\"WebPage\",\"@id\":\"http:\\\/\\\/box5869.temp.domains\\\/~fxewmtmy\\\/faq\\\/\",\"url\":\"http:\\\/\\\/box5869.temp.domains\\\/~fxewmtmy\\\/faq\\\/\",\"name\":\"FAQ - E Rings Me\",\"isPartOf\":{\"@id\":\"http:\\\/\\\/box5869.temp.domains\\\/~fxewmtmy\\\/#website\"},\"datePublished\":\"2020-10-21T05:35:42+00:00\",\"dateModified\":\"2023-06-17T23:38:36+00:00\",\"breadcrumb\":{\"@id\":\"http:\\\/\\\/box5869.temp.domains\\\/~fxewmtmy\\\/faq\\\/#breadcrumb\"},\"inLanguage\":\"en-CA\",\"potentialAction\":[{\"@type\":\"ReadAction\",\"target\":[\"http:\\\/\\\/box5869.temp.domains\\\/~fxewmtmy\\\/faq\\\/\"]}]},{\"@type\":\"BreadcrumbList\",\"@id\":\"http:\\\/\\\/box5869.temp.domains\\\/~fxewmtmy\\\/faq\\\/#breadcrumb\",\"itemListElement\":[{\"@type\":\"ListItem\",\"position\":1,\"name\":\"Home\",\"item\":\"https:\\\/\\\/eringsme.com\\\/\"},{\"@type\":\"ListItem\",\"position\":2,\"name\":\"FAQ\"}]},{\"@type\":\"WebSite\",\"@id\":\"http:\\\/\\\/box5869.temp.domains\\\/~fxewmtmy\\\/#website\",\"url\":\"http:\\\/\\\/box5869.temp.domains\\\/~fxewmtmy\\\/\",\"name\":\"E Rings Me\",\"description\":\"Rings Registry\",\"potentialAction\":[{\"@type\":\"SearchAction\",\"target\":{\"@type\":\"EntryPoint\",\"urlTemplate\":\"http:\\\/\\\/box5869.temp.domains\\\/~fxewmtmy\\\/?s={search_term_string}\"},\"query-input\":{\"@type\":\"PropertyValueSpecification\",\"valueRequired\":true,\"valueName\":\"search_term_string\"}}],\"inLanguage\":\"en-CA\"}]}<\/script>\n<!-- \/ Yoast SEO plugin. -->","yoast_head_json":{"title":"FAQ - E Rings Me","robots":{"index":"index","follow":"follow","max-snippet":"max-snippet:-1","max-image-preview":"max-image-preview:large","max-video-preview":"max-video-preview:-1"},"canonical":"http:\/\/box5869.temp.domains\/~fxewmtmy\/faq\/","og_locale":"en_US","og_type":"article","og_title":"FAQ - E Rings Me","og_description":"FAQ 1. COMMENT PARTAGER MON REGISTRE ? Lorsque le registre est complet et pr\u00eat \u00e0 \u00eatre partag\u00e9, le client doit donner un&hellip;","og_url":"http:\/\/box5869.temp.domains\/~fxewmtmy\/faq\/","og_site_name":"E Rings Me","article_modified_time":"2023-06-17T23:38:36+00:00","twitter_card":"summary_large_image","twitter_misc":{"Est. reading time":"3 minutes"},"schema":{"@context":"https:\/\/schema.org","@graph":[{"@type":"WebPage","@id":"http:\/\/box5869.temp.domains\/~fxewmtmy\/faq\/","url":"http:\/\/box5869.temp.domains\/~fxewmtmy\/faq\/","name":"FAQ - E Rings Me","isPartOf":{"@id":"http:\/\/box5869.temp.domains\/~fxewmtmy\/#website"},"datePublished":"2020-10-21T05:35:42+00:00","dateModified":"2023-06-17T23:38:36+00:00","breadcrumb":{"@id":"http:\/\/box5869.temp.domains\/~fxewmtmy\/faq\/#breadcrumb"},"inLanguage":"en-CA","potentialAction":[{"@type":"ReadAction","target":["http:\/\/box5869.temp.domains\/~fxewmtmy\/faq\/"]}]},{"@type":"BreadcrumbList","@id":"http:\/\/box5869.temp.domains\/~fxewmtmy\/faq\/#breadcrumb","itemListElement":[{"@type":"ListItem","position":1,"name":"Home","item":"https:\/\/eringsme.com\/"},{"@type":"ListItem","position":2,"name":"FAQ"}]},{"@type":"WebSite","@id":"http:\/\/box5869.temp.domains\/~fxewmtmy\/#website","url":"http:\/\/box5869.temp.domains\/~fxewmtmy\/","name":"E Rings Me","description":"Rings Registry","potentialAction":[{"@type":"SearchAction","target":{"@type":"EntryPoint","urlTemplate":"http:\/\/box5869.temp.domains\/~fxewmtmy\/?s={search_term_string}"},"query-input":{"@type":"PropertyValueSpecification","valueRequired":true,"valueName":"search_term_string"}}],"inLanguage":"en-CA"}]}},"jetpack_sharing_enabled":true,"_links":{"self":[{"href":"https:\/\/eringsme.com\/en\/wp-json\/wp\/v2\/pages\/179","targetHints":{"allow":["GET"]}}],"collection":[{"href":"https:\/\/eringsme.com\/en\/wp-json\/wp\/v2\/pages"}],"about":[{"href":"https:\/\/eringsme.com\/en\/wp-json\/wp\/v2\/types\/page"}],"author":[{"embeddable":true,"href":"https:\/\/eringsme.com\/en\/wp-json\/wp\/v2\/users\/1"}],"replies":[{"embeddable":true,"href":"https:\/\/eringsme.com\/en\/wp-json\/wp\/v2\/comments?post=179"}],"version-history":[{"count":5,"href":"https:\/\/eringsme.com\/en\/wp-json\/wp\/v2\/pages\/179\/revisions"}],"predecessor-version":[{"id":6200,"href":"https:\/\/eringsme.com\/en\/wp-json\/wp\/v2\/pages\/179\/revisions\/6200"}],"wp:attachment":[{"href":"https:\/\/eringsme.com\/en\/wp-json\/wp\/v2\/media?parent=179"}],"curies":[{"name":"wp","href":"https:\/\/api.w.org\/{rel}","templated":true}]}}